{"id":1130,"date":"2019-10-21T15:03:54","date_gmt":"2019-10-21T15:03:54","guid":{"rendered":"https:\/\/galgofreedom.com\/?page_id=1130"},"modified":"2023-05-21T20:54:07","modified_gmt":"2023-05-21T20:54:07","slug":"adoptiere-mich","status":"publish","type":"page","link":"https:\/\/galgofreedom.com\/en\/adoptiere-mich\/","title":{"rendered":"Adoptiere mich!"},"content":{"rendered":"<p><strong>Adoptieren oder Sponsern:<\/strong><br \/>\nHier finden Sie die Fotos, Videos und Geschichten der Galgos, die zur Zeit in Galgo Freedom sind. Alle Vermittlungen erfolgen \u00fcber unsere Partnervereine: <a href=\"https:\/\/www.zona-de-galgos.de\/\" target=\"_blank\" rel=\"noopener noreferrer\">Far From Fear e.V.<\/a> in Deutschland und <a href=\"https:\/\/www.facebook.com\/eensuccesvolthuisvoor2ekanshonden\" target=\"_blank\" rel=\"noopener noreferrer\">Dogateers United<\/a> in Holland und Belgien, weil wir m\u00f6chten, dass Ihnen auch vor Ort kompetente Ansprechpartner zur Verf\u00fcgung stehen.<\/p>\n<p><strong>Passt auf!<\/strong><br \/>\nGalgos machen s\u00fcchtig. Wenn man mit einem anf\u00e4ngt, dann kommt sehr schnell der Wunsch, mehr zu haben!<\/p>\n<div id=\"ajax-load-more\" class=\"ajax-load-more-wrap green alm-layouts\" data-id=\"7934712866\" data-alm-id=\"\" data-canonical-url=\"https:\/\/galgofreedom.com\/en\/adoptiere-mich\/\" data-slug=\"adoptiere-mich\" data-post-id=\"1130\"  data-localized=\"ajax_load_more_7934712866_vars\" data-alm-object=\"ajax_load_more_7934712866\"><div aria-live=\"polite\" aria-atomic=\"true\" class=\"alm-listing alm-ajax\" data-container-type=\"div\" data-loading-style=\"green\" data-theme-repeater=\"alm-dog-repeater.php\" data-post-type=\"dog\" data-taxonomy=\"dog-category\" data-taxonomy-terms=\"adoptionen\" data-taxonomy-operator=\"IN\" data-meta-key=\"adopted\" data-meta-value=\"0\" data-order=\"DESC\" data-orderby=\"modified\" data-offset=\"0\" data-posts-per-page=\"6\" data-lang=\"en\" data-button-label=\"More Adoptants\" data-button-done-label=\"We&#039;ve reached the end\" data-prev-button-label=\"Load Previous\" data-images-loaded=\"true\"><\/div><div class=\"alm-placeholder\"><img decoding=\"async\" src=\"https:\/\/galgofreedom.com\/wp-content\/plugins\/ajax-load-more\/build\/frontend\/img\/placeholder.png\" alt=\"\"><\/div><div class=\"alm-btn-wrap\" data-rel=\"ajax-load-more\"><button class=\"alm-load-more-btn \" type=\"button\">More Adoptants<\/button><\/div><\/div>\n<p>&nbsp;<\/p>\n","protected":false},"excerpt":{"rendered":"<p>Adoptieren oder Sponsern: Hier finden Sie die Fotos, Videos und Geschichten der Galgos, die zur Zeit in Galgo Freedom sind. Alle Vermittlungen erfolgen \u00fcber unsere Partnervereine: Far From Fear e.V. in Deutschland und Dogateers United in Holland und Belgien, weil wir m\u00f6chten, dass Ihnen auch vor Ort kompetente Ansprechpartner zur Verf\u00fcgung stehen. Passt auf! Galgos &hellip; <a href=\"https:\/\/galgofreedom.com\/en\/adoptiere-mich\/\">Continued<\/a><\/p>\n","protected":false},"author":1,"featured_media":650,"parent":0,"menu_order":0,"comment_status":"closed","ping_status":"closed","template":"","meta":{"_acf_changed":false,"footnotes":""},"class_list":["post-1130","page","type-page","status-publish","has-post-thumbnail","hentry"],"acf":[],"aioseo_notices":[],"_links":{"self":[{"href":"https:\/\/galgofreedom.com\/en\/wp-json\/wp\/v2\/pages\/1130","targetHints":{"allow":["GET"]}}],"collection":[{"href":"https:\/\/galgofreedom.com\/en\/wp-json\/wp\/v2\/pages"}],"about":[{"href":"https:\/\/galgofreedom.com\/en\/wp-json\/wp\/v2\/types\/page"}],"author":[{"embeddable":true,"href":"https:\/\/galgofreedom.com\/en\/wp-json\/wp\/v2\/users\/1"}],"replies":[{"embeddable":true,"href":"https:\/\/galgofreedom.com\/en\/wp-json\/wp\/v2\/comments?post=1130"}],"version-history":[{"count":0,"href":"https:\/\/galgofreedom.com\/en\/wp-json\/wp\/v2\/pages\/1130\/revisions"}],"wp:featuredmedia":[{"embeddable":true,"href":"https:\/\/galgofreedom.com\/en\/wp-json\/wp\/v2\/media\/650"}],"wp:attachment":[{"href":"https:\/\/galgofreedom.com\/en\/wp-json\/wp\/v2\/media?parent=1130"}],"curies":[{"name":"wp","href":"https:\/\/api.w.org\/{rel}","templated":true}]}}